{"id":1201,"date":"2025-01-08T17:00:45","date_gmt":"2025-01-08T17:00:45","guid":{"rendered":"https:\/\/casaf.com.co\/?page_id=1201"},"modified":"2026-05-14T03:27:42","modified_gmt":"2026-05-14T03:27:42","slug":"soluciones-innovadoras-en-tratamiento-de-aguas","status":"publish","type":"page","link":"https:\/\/casaf.com.co\/index.php\/soluciones-innovadoras-en-tratamiento-de-aguas\/","title":{"rendered":"Soluciones Innovadoras en Tratamiento de Aguas"},"content":{"rendered":"\t\t<div data-elementor-type=\"wp-page\" data-elementor-id=\"1201\" class=\"elementor elementor-1201\">\n\t\t\t\t\t\t<section class=\"elementor-section elementor-top-section elementor-element elementor-element-5fdcd3c elementor-section-boxed elementor-section-height-default elementor-section-height-default\" data-id=\"5fdcd3c\" data-element_type=\"section\">\n\t\t\t\t\t\t<div class=\"elementor-container elementor-column-gap-default\">\n\t\t\t\t\t<div class=\"elementor-column elementor-col-100 elementor-top-column elementor-element elementor-element-d01f0db\" data-id=\"d01f0db\" data-element_type=\"column\">\n\t\t\t<div class=\"elementor-widget-wrap elementor-element-populated\">\n\t\t\t\t\t\t<div class=\"elementor-element elementor-element-51bd33b elementor-widget elementor-widget-heading\" data-id=\"51bd33b\" data-element_type=\"widget\" data-widget_type=\"heading.default\">\n\t\t\t\t<div class=\"elementor-widget-container\">\n\t\t\t\t\t<h2 class=\"elementor-heading-title elementor-size-default\">MOBILIARIO <\/h2>\t\t\t\t<\/div>\n\t\t\t\t<\/div>\n\t\t\t\t\t<\/div>\n\t\t<\/div>\n\t\t\t\t\t<\/div>\n\t\t<\/section>\n\t\t\t\t<section class=\"elementor-section elementor-top-section elementor-element elementor-element-7ab59e0 elementor-section-boxed elementor-section-height-default elementor-section-height-default\" data-id=\"7ab59e0\" data-element_type=\"section\">\n\t\t\t\t\t\t<div class=\"elementor-container elementor-column-gap-default\">\n\t\t\t\t\t<div class=\"elementor-column elementor-col-100 elementor-top-column elementor-element elementor-element-84d9193\" data-id=\"84d9193\" data-element_type=\"column\">\n\t\t\t<div class=\"elementor-widget-wrap elementor-element-populated\">\n\t\t\t\t\t\t<div class=\"elementor-element elementor-element-7fd9730 elementor-widget elementor-widget-text-editor\" data-id=\"7fd9730\" data-element_type=\"widget\" data-widget_type=\"text-editor.default\">\n\t\t\t\t<div class=\"elementor-widget-container\">\n\t\t\t\t\t\t\t\t\t<p>En Casaf Company SAS, somos expertos en crear Mobiliarios que cuenten historias. Dise\u00f1os \u00fanicos para personas que no se conforman con lo est\u00e1ndar.<\/p>\t\t\t\t\t\t\t\t<\/div>\n\t\t\t\t<\/div>\n\t\t\t\t<div class=\"elementor-element elementor-element-52398af elementor-widget elementor-widget-spacer\" data-id=\"52398af\" data-element_type=\"widget\" data-widget_type=\"spacer.default\">\n\t\t\t\t<div class=\"elementor-widget-container\">\n\t\t\t\t\t\t\t<div class=\"elementor-spacer\">\n\t\t\t<div class=\"elementor-spacer-inner\"><\/div>\n\t\t<\/div>\n\t\t\t\t\t\t<\/div>\n\t\t\t\t<\/div>\n\t\t\t\t\t<\/div>\n\t\t<\/div>\n\t\t\t\t\t<\/div>\n\t\t<\/section>\n\t\t\t\t<section class=\"elementor-section elementor-top-section elementor-element elementor-element-cc475b4 elementor-section-boxed elementor-section-height-default elementor-section-height-default\" data-id=\"cc475b4\" data-element_type=\"section\">\n\t\t\t\t\t\t<div class=\"elementor-container elementor-column-gap-default\">\n\t\t\t\t\t<div class=\"elementor-column elementor-col-50 elementor-top-column elementor-element elementor-element-70c8c0b\" data-id=\"70c8c0b\" data-element_type=\"column\">\n\t\t\t<div class=\"elementor-widget-wrap elementor-element-populated\">\n\t\t\t\t\t\t<div class=\"elementor-element elementor-element-8075fd2 elementor-widget elementor-widget-image\" data-id=\"8075fd2\" data-element_type=\"widget\" data-widget_type=\"image.default\">\n\t\t\t\t<div class=\"elementor-widget-container\">\n\t\t\t\t\t\t\t\t\t\t\t\t<figure class=\"wp-caption\">\n\t\t\t\t\t\t\t\t\t\t<img fetchpriority=\"high\" decoding=\"async\" width=\"1024\" height=\"683\" src=\"https:\/\/casaf.com.co\/wp-content\/uploads\/2026\/05\/3d-rendering-white-minimal-kitchen-with-wood-decoration-1024x683.jpg\" class=\"attachment-large size-large wp-image-2004\" alt=\"\" srcset=\"https:\/\/casaf.com.co\/wp-content\/uploads\/2026\/05\/3d-rendering-white-minimal-kitchen-with-wood-decoration-1024x683.jpg 1024w, https:\/\/casaf.com.co\/wp-content\/uploads\/2026\/05\/3d-rendering-white-minimal-kitchen-with-wood-decoration-300x200.jpg 300w, https:\/\/casaf.com.co\/wp-content\/uploads\/2026\/05\/3d-rendering-white-minimal-kitchen-with-wood-decoration-768x512.jpg 768w, https:\/\/casaf.com.co\/wp-content\/uploads\/2026\/05\/3d-rendering-white-minimal-kitchen-with-wood-decoration-1536x1024.jpg 1536w, https:\/\/casaf.com.co\/wp-content\/uploads\/2026\/05\/3d-rendering-white-minimal-kitchen-with-wood-decoration-2048x1365.jpg 2048w, https:\/\/casaf.com.co\/wp-content\/uploads\/2026\/05\/3d-rendering-white-minimal-kitchen-with-wood-decoration-1320x880.jpg 1320w, https:\/\/casaf.com.co\/wp-content\/uploads\/2026\/05\/3d-rendering-white-minimal-kitchen-with-wood-decoration-600x400.jpg 600w\" sizes=\"(max-width: 1024px) 100vw, 1024px\" \/>\t\t\t\t\t\t\t\t\t\t\t<figcaption class=\"widget-image-caption wp-caption-text\"><\/figcaption>\n\t\t\t\t\t\t\t\t\t\t<\/figure>\n\t\t\t\t\t\t\t\t\t<\/div>\n\t\t\t\t<\/div>\n\t\t\t\t\t<\/div>\n\t\t<\/div>\n\t\t\t\t<div class=\"elementor-column elementor-col-50 elementor-top-column elementor-element elementor-element-623aa7b\" data-id=\"623aa7b\" data-element_type=\"column\">\n\t\t\t<div class=\"elementor-widget-wrap elementor-element-populated\">\n\t\t\t\t\t\t<div class=\"elementor-element elementor-element-37a7dea elementor-widget elementor-widget-heading\" data-id=\"37a7dea\" data-element_type=\"widget\" data-widget_type=\"heading.default\">\n\t\t\t\t<div class=\"elementor-widget-container\">\n\t\t\t\t\t<h2 class=\"elementor-heading-title elementor-size-default\">Cocinas Integrales <\/h2>\t\t\t\t<\/div>\n\t\t\t\t<\/div>\n\t\t\t\t<div class=\"elementor-element elementor-element-a595043 elementor-widget elementor-widget-text-editor\" data-id=\"a595043\" data-element_type=\"widget\" data-widget_type=\"text-editor.default\">\n\t\t\t\t<div class=\"elementor-widget-container\">\n\t\t\t\t\t\t\t\t\t<p>En<strong><span style=\"color: #876156;\"> Casaf Home<\/span><\/strong>, elevamos el est\u00e1ndar de tu hogar a trav\u00e9s de la fabricaci\u00f3n a medida. Creamos cocinas modernas que equilibran la est\u00e9tica contempor\u00e1nea con una resistencia superior. Utilizamos materiales seleccionados y herrajes de alta calidad para garantizar espacios funcionales donde cada detalle ha sido pensado para tu comodidad.<\/p>\t\t\t\t\t\t\t\t<\/div>\n\t\t\t\t<\/div>\n\t\t\t\t\t<\/div>\n\t\t<\/div>\n\t\t\t\t\t<\/div>\n\t\t<\/section>\n\t\t\t\t<section class=\"elementor-section elementor-top-section elementor-element elementor-element-60c9e24 elementor-section-boxed elementor-section-height-default elementor-section-height-default\" data-id=\"60c9e24\" data-element_type=\"section\">\n\t\t\t\t\t\t<div class=\"elementor-container elementor-column-gap-default\">\n\t\t\t\t\t<div class=\"elementor-column elementor-col-50 elementor-top-column elementor-element elementor-element-dc879b2\" data-id=\"dc879b2\" data-element_type=\"column\">\n\t\t\t<div class=\"elementor-widget-wrap elementor-element-populated\">\n\t\t\t\t\t\t<div class=\"elementor-element elementor-element-22f5c5b elementor-widget elementor-widget-spacer\" data-id=\"22f5c5b\" data-element_type=\"widget\" data-widget_type=\"spacer.default\">\n\t\t\t\t<div class=\"elementor-widget-container\">\n\t\t\t\t\t\t\t<div class=\"elementor-spacer\">\n\t\t\t<div class=\"elementor-spacer-inner\"><\/div>\n\t\t<\/div>\n\t\t\t\t\t\t<\/div>\n\t\t\t\t<\/div>\n\t\t\t\t<div class=\"elementor-element elementor-element-f4ddb2a elementor-widget elementor-widget-heading\" data-id=\"f4ddb2a\" data-element_type=\"widget\" data-widget_type=\"heading.default\">\n\t\t\t\t<div class=\"elementor-widget-container\">\n\t\t\t\t\t<h2 class=\"elementor-heading-title elementor-size-default\">Espacios  <\/h2>\t\t\t\t<\/div>\n\t\t\t\t<\/div>\n\t\t\t\t<div class=\"elementor-element elementor-element-3afd24a elementor-widget elementor-widget-text-editor\" data-id=\"3afd24a\" data-element_type=\"widget\" data-widget_type=\"text-editor.default\">\n\t\t\t\t<div class=\"elementor-widget-container\">\n\t\t\t\t\t\t\t\t\t<p>transformamos tus espacios con mobiliario que combina dise\u00f1o de vanguardia y m\u00e1xima funcionalidad. Fabricamos closets, puertas y centros de entretenimiento personalizados, utilizando materiales de alta resistencia y acabados de lujo. Cada pieza es dise\u00f1ada para optimizar tu hogar, brindando soluciones de almacenamiento inteligentes y una est\u00e9tica impecable que se adapta a tu estilo de vida.<\/p>\t\t\t\t\t\t\t\t<\/div>\n\t\t\t\t<\/div>\n\t\t\t\t\t<\/div>\n\t\t<\/div>\n\t\t\t\t<div class=\"elementor-column elementor-col-50 elementor-top-column elementor-element elementor-element-b1ee421\" data-id=\"b1ee421\" data-element_type=\"column\">\n\t\t\t<div class=\"elementor-widget-wrap elementor-element-populated\">\n\t\t\t\t\t\t<div class=\"elementor-element elementor-element-3fb03fb elementor-widget elementor-widget-spacer\" data-id=\"3fb03fb\" data-element_type=\"widget\" data-widget_type=\"spacer.default\">\n\t\t\t\t<div class=\"elementor-widget-container\">\n\t\t\t\t\t\t\t<div class=\"elementor-spacer\">\n\t\t\t<div class=\"elementor-spacer-inner\"><\/div>\n\t\t<\/div>\n\t\t\t\t\t\t<\/div>\n\t\t\t\t<\/div>\n\t\t\t\t<div class=\"elementor-element elementor-element-c6ff16a elementor-widget elementor-widget-image\" data-id=\"c6ff16a\" data-element_type=\"widget\" data-widget_type=\"image.default\">\n\t\t\t\t<div class=\"elementor-widget-container\">\n\t\t\t\t\t\t\t\t\t\t\t\t\t\t\t<img decoding=\"async\" width=\"1024\" height=\"1024\" src=\"https:\/\/casaf.com.co\/wp-content\/uploads\/2026\/05\/frame-mockup-luxury-dining-room-cream-color-background-1024x1024.jpg\" class=\"attachment-large size-large wp-image-2011\" alt=\"\" srcset=\"https:\/\/casaf.com.co\/wp-content\/uploads\/2026\/05\/frame-mockup-luxury-dining-room-cream-color-background-1024x1024.jpg 1024w, https:\/\/casaf.com.co\/wp-content\/uploads\/2026\/05\/frame-mockup-luxury-dining-room-cream-color-background-300x300.jpg 300w, https:\/\/casaf.com.co\/wp-content\/uploads\/2026\/05\/frame-mockup-luxury-dining-room-cream-color-background-150x150.jpg 150w, https:\/\/casaf.com.co\/wp-content\/uploads\/2026\/05\/frame-mockup-luxury-dining-room-cream-color-background-768x768.jpg 768w, https:\/\/casaf.com.co\/wp-content\/uploads\/2026\/05\/frame-mockup-luxury-dining-room-cream-color-background-1536x1536.jpg 1536w, https:\/\/casaf.com.co\/wp-content\/uploads\/2026\/05\/frame-mockup-luxury-dining-room-cream-color-background-2048x2048.jpg 2048w, https:\/\/casaf.com.co\/wp-content\/uploads\/2026\/05\/frame-mockup-luxury-dining-room-cream-color-background-1320x1320.jpg 1320w, https:\/\/casaf.com.co\/wp-content\/uploads\/2026\/05\/frame-mockup-luxury-dining-room-cream-color-background-600x600.jpg 600w, https:\/\/casaf.com.co\/wp-content\/uploads\/2026\/05\/frame-mockup-luxury-dining-room-cream-color-background-100x100.jpg 100w\" sizes=\"(max-width: 1024px) 100vw, 1024px\" \/>\t\t\t\t\t\t\t\t\t\t\t\t\t\t\t<\/div>\n\t\t\t\t<\/div>\n\t\t\t\t\t<\/div>\n\t\t<\/div>\n\t\t\t\t\t<\/div>\n\t\t<\/section>\n\t\t\t\t<section class=\"elementor-section elementor-top-section elementor-element elementor-element-7e05311 elementor-section-boxed elementor-section-height-default elementor-section-height-default\" data-id=\"7e05311\" data-element_type=\"section\">\n\t\t\t\t\t\t<div class=\"elementor-container elementor-column-gap-default\">\n\t\t\t\t\t<div class=\"elementor-column elementor-col-100 elementor-top-column elementor-element elementor-element-98b9290\" data-id=\"98b9290\" data-element_type=\"column\">\n\t\t\t<div class=\"elementor-widget-wrap elementor-element-populated\">\n\t\t\t\t\t\t<div class=\"elementor-element elementor-element-b70710a elementor-widget elementor-widget-text-editor\" data-id=\"b70710a\" data-element_type=\"widget\" data-widget_type=\"text-editor.default\">\n\t\t\t\t<div class=\"elementor-widget-container\">\n\t\t\t\t\t\t\t\t\t<p>Est\u00e1s a un paso de optimizar el potencial de tus espacios Cont\u00e1ctanos hoy mismo para una consulta personalizada y descubre c\u00f3mo nuestras soluciones integrales en Casaf pueden transformar la manera en que vives<\/p>\t\t\t\t\t\t\t\t<\/div>\n\t\t\t\t<\/div>\n\t\t\t\t\t<\/div>\n\t\t<\/div>\n\t\t\t\t\t<\/div>\n\t\t<\/section>\n\t\t\t\t<section class=\"elementor-section elementor-top-section elementor-element elementor-element-06041a2 elementor-section-boxed elementor-section-height-default elementor-section-height-default\" data-id=\"06041a2\" data-element_type=\"section\">\n\t\t\t\t\t\t<div class=\"elementor-container elementor-column-gap-default\">\n\t\t\t\t\t<div class=\"elementor-column elementor-col-100 elementor-top-column elementor-element elementor-element-e2045ae\" data-id=\"e2045ae\" data-element_type=\"column\">\n\t\t\t<div class=\"elementor-widget-wrap elementor-element-populated\">\n\t\t\t\t\t\t<div class=\"elementor-element elementor-element-00d4410 elementor-align-center elementor-widget elementor-widget-button\" data-id=\"00d4410\" data-element_type=\"widget\" data-widget_type=\"button.default\">\n\t\t\t\t<div class=\"elementor-widget-container\">\n\t\t\t\t\t\t\t\t\t<div class=\"elementor-button-wrapper\">\n\t\t\t\t\t<a class=\"elementor-button elementor-button-link elementor-size-sm elementor-animation-grow\" href=\"https:\/\/casaf.com.co\/index.php\/contact\/\">\n\t\t\t\t\t\t<span class=\"elementor-button-content-wrapper\">\n\t\t\t\t\t\t\t\t\t<span class=\"elementor-button-text\">Dise\u00f1emos Juntos <\/span>\n\t\t\t\t\t<\/span>\n\t\t\t\t\t<\/a>\n\t\t\t\t<\/div>\n\t\t\t\t\t\t\t\t<\/div>\n\t\t\t\t<\/div>\n\t\t\t\t\t<\/div>\n\t\t<\/div>\n\t\t\t\t\t<\/div>\n\t\t<\/section>\n\t\t\t\t<\/div>\n\t\t","protected":false},"excerpt":{"rendered":"<p>MOBILIARIO En Casaf Company SAS, somos expertos en crear Mobiliarios que cuenten historias. Dise\u00f1os \u00fanicos para personas que no se conforman con lo est\u00e1ndar. Cocinas Integrales En Casaf Home, elevamos el est\u00e1ndar de tu hogar a trav\u00e9s de la fabricaci\u00f3n a medida. Creamos cocinas modernas que equilibran la est\u00e9tica contempor\u00e1nea con una resistencia superior. Utilizamos &hellip;<\/p>\n<p class=\"read-more\"> <a class=\"\" href=\"https:\/\/casaf.com.co\/index.php\/soluciones-innovadoras-en-tratamiento-de-aguas\/\"> <span class=\"screen-reader-text\">Soluciones Innovadoras en Tratamiento de Aguas<\/span> Leer m\u00e1s &raquo;<\/a><\/p>\n","protected":false},"author":1,"featured_media":0,"parent":0,"menu_order":0,"comment_status":"closed","ping_status":"closed","template":"","meta":{"om_disable_all_campaigns":false,"_monsterinsights_skip_tracking":false,"_monsterinsights_sitenote_active":false,"_monsterinsights_sitenote_note":"","_monsterinsights_sitenote_category":0,"site-sidebar-layout":"no-sidebar","site-content-layout":"page-builder","ast-main-header-display":"","ast-hfb-above-header-display":"","ast-hfb-below-header-display":"","ast-hfb-mobile-header-display":"","site-post-title":"disabled","ast-breadcrumbs-content":"","ast-featured-img":"disabled","footer-sml-layout":"","theme-transparent-header-meta":"","adv-header-id-meta":"","stick-header-meta":"","header-above-stick-meta":"","header-main-stick-meta":"","header-below-stick-meta":"","footnotes":""},"class_list":["post-1201","page","type-page","status-publish","hentry"],"aioseo_notices":[],"jetpack_sharing_enabled":true,"_links":{"self":[{"href":"https:\/\/casaf.com.co\/index.php\/wp-json\/wp\/v2\/pages\/1201","targetHints":{"allow":["GET"]}}],"collection":[{"href":"https:\/\/casaf.com.co\/index.php\/wp-json\/wp\/v2\/pages"}],"about":[{"href":"https:\/\/casaf.com.co\/index.php\/wp-json\/wp\/v2\/types\/page"}],"author":[{"embeddable":true,"href":"https:\/\/casaf.com.co\/index.php\/wp-json\/wp\/v2\/users\/1"}],"replies":[{"embeddable":true,"href":"https:\/\/casaf.com.co\/index.php\/wp-json\/wp\/v2\/comments?post=1201"}],"version-history":[{"count":49,"href":"https:\/\/casaf.com.co\/index.php\/wp-json\/wp\/v2\/pages\/1201\/revisions"}],"predecessor-version":[{"id":2304,"href":"https:\/\/casaf.com.co\/index.php\/wp-json\/wp\/v2\/pages\/1201\/revisions\/2304"}],"wp:attachment":[{"href":"https:\/\/casaf.com.co\/index.php\/wp-json\/wp\/v2\/media?parent=1201"}],"curies":[{"name":"wp","href":"https:\/\/api.w.org\/{rel}","templated":true}]}}