{"id":1265,"date":"2025-01-08T20:22:03","date_gmt":"2025-01-08T20:22:03","guid":{"rendered":"https:\/\/casaf.com.co\/?page_id=1265"},"modified":"2026-05-14T02:43:02","modified_gmt":"2026-05-14T02:43:02","slug":"gestion-y-aprovechamiento-de-aguas-subterraneas","status":"publish","type":"page","link":"https:\/\/casaf.com.co\/index.php\/gestion-y-aprovechamiento-de-aguas-subterraneas\/","title":{"rendered":"Gesti\u00f3n y Aprovechamiento de Aguas Subterr\u00e1neas"},"content":{"rendered":"\t\t<div data-elementor-type=\"wp-page\" data-elementor-id=\"1265\" class=\"elementor elementor-1265\">\n\t\t\t\t\t\t<section class=\"elementor-section elementor-top-section elementor-element elementor-element-9857caa elementor-section-boxed elementor-section-height-default elementor-section-height-default\" data-id=\"9857caa\" data-element_type=\"section\">\n\t\t\t\t\t\t<div class=\"elementor-container elementor-column-gap-default\">\n\t\t\t\t\t<div class=\"elementor-column elementor-col-100 elementor-top-column elementor-element elementor-element-b3e4f60\" data-id=\"b3e4f60\" data-element_type=\"column\">\n\t\t\t<div class=\"elementor-widget-wrap elementor-element-populated\">\n\t\t\t\t\t\t<div class=\"elementor-element elementor-element-4b3f0ec elementor-widget elementor-widget-heading\" data-id=\"4b3f0ec\" data-element_type=\"widget\" data-widget_type=\"heading.default\">\n\t\t\t\t<div class=\"elementor-widget-container\">\n\t\t\t\t\t<h2 class=\"elementor-heading-title elementor-size-default\">Adecuaci\u00f3n Locales y Oficinas <\/h2>\t\t\t\t<\/div>\n\t\t\t\t<\/div>\n\t\t\t\t\t<\/div>\n\t\t<\/div>\n\t\t\t\t\t<\/div>\n\t\t<\/section>\n\t\t\t\t<section class=\"elementor-section elementor-top-section elementor-element elementor-element-d07b64e elementor-section-boxed elementor-section-height-default elementor-section-height-default\" data-id=\"d07b64e\" data-element_type=\"section\">\n\t\t\t\t\t\t<div class=\"elementor-container elementor-column-gap-default\">\n\t\t\t\t\t<div class=\"elementor-column elementor-col-100 elementor-top-column elementor-element elementor-element-25591b4\" data-id=\"25591b4\" data-element_type=\"column\">\n\t\t\t<div class=\"elementor-widget-wrap elementor-element-populated\">\n\t\t\t\t\t\t<div class=\"elementor-element elementor-element-8df2fef elementor-widget elementor-widget-text-editor\" data-id=\"8df2fef\" data-element_type=\"widget\" data-widget_type=\"text-editor.default\">\n\t\t\t\t<div class=\"elementor-widget-container\">\n\t\t\t\t\t\t\t\t\t<p><strong>En Casaf Company SAS, Dise\u00f1amos espacios que inspiran a tu equipo y reflejan la grandeza de tu empresa. Nos encargamos del dise\u00f1o, la adecuaci\u00f3n y los acabados para que tu negocio abra sus puertas listo para impactar a clientes y colaboradores.\u00a0<\/strong><\/p>\t\t\t\t\t\t\t\t<\/div>\n\t\t\t\t<\/div>\n\t\t\t\t\t<\/div>\n\t\t<\/div>\n\t\t\t\t\t<\/div>\n\t\t<\/section>\n\t\t\t\t<section class=\"elementor-section elementor-top-section elementor-element elementor-element-b13b7d6 elementor-section-boxed elementor-section-height-default elementor-section-height-default\" data-id=\"b13b7d6\" data-element_type=\"section\">\n\t\t\t\t\t\t<div class=\"elementor-container elementor-column-gap-default\">\n\t\t\t\t\t<div class=\"elementor-column elementor-col-50 elementor-top-column elementor-element elementor-element-47d68d6\" data-id=\"47d68d6\" data-element_type=\"column\">\n\t\t\t<div class=\"elementor-widget-wrap elementor-element-populated\">\n\t\t\t\t\t\t<div class=\"elementor-element elementor-element-a0cd4eb elementor-widget elementor-widget-heading\" data-id=\"a0cd4eb\" data-element_type=\"widget\" data-widget_type=\"heading.default\">\n\t\t\t\t<div class=\"elementor-widget-container\">\n\t\t\t\t\t<h2 class=\"elementor-heading-title elementor-size-default\">Dise\u00f1o, Planificaci\u00f3n y Conceptualizaci\u00f3n<\/h2>\t\t\t\t<\/div>\n\t\t\t\t<\/div>\n\t\t\t\t<div class=\"elementor-element elementor-element-569defa elementor-widget__width-initial elementor-widget elementor-widget-text-editor\" data-id=\"569defa\" data-element_type=\"widget\" data-widget_type=\"text-editor.default\">\n\t\t\t\t<div class=\"elementor-widget-container\">\n\t\t\t\t\t\t\t\t\t<ul><li>No solo dise\u00f1amos espacios bonitos; creamos estructuras de alta conversi\u00f3n y eficiencia operativa.<\/li><li><strong><span style=\"color: #876156;\">Distribuci\u00f3n inteligente:<\/span><\/strong> Analizamos el flujo de movimiento para optimizar cada \u00e1rea, asegurando que el dise\u00f1o sea funcional tanto para el equipo de trabajo como para la experiencia del cliente final.<\/li><li><strong><span style=\"color: #876156;\" data-path-to-node=\"5,2,0\" data-index-in-node=\"0\">Identidad de Marca:<\/span><\/strong> Aplicamos tu ADN corporativo en la arquitectura interna, utilizando la psicolog\u00eda del color y texturas que refuercen la seriedad y profesionalismo de tu marca.<\/li><\/ul>\t\t\t\t\t\t\t\t<\/div>\n\t\t\t\t<\/div>\n\t\t\t\t\t<\/div>\n\t\t<\/div>\n\t\t\t\t<div class=\"elementor-column elementor-col-50 elementor-top-column elementor-element elementor-element-846c54e\" data-id=\"846c54e\" data-element_type=\"column\">\n\t\t\t<div class=\"elementor-widget-wrap elementor-element-populated\">\n\t\t\t\t\t\t<div class=\"elementor-element elementor-element-43d6548 elementor-widget elementor-widget-image\" data-id=\"43d6548\" data-element_type=\"widget\" data-widget_type=\"image.default\">\n\t\t\t\t<div class=\"elementor-widget-container\">\n\t\t\t\t\t\t\t\t\t\t\t\t\t\t\t<img fetchpriority=\"high\" decoding=\"async\" width=\"1024\" height=\"682\" src=\"https:\/\/casaf.com.co\/wp-content\/uploads\/2026\/05\/Gemini_Generated_Image_5zuk0p5zuk0p5zuk-1024x682.png\" class=\"attachment-large size-large wp-image-2056\" alt=\"\" srcset=\"https:\/\/casaf.com.co\/wp-content\/uploads\/2026\/05\/Gemini_Generated_Image_5zuk0p5zuk0p5zuk-1024x682.png 1024w, https:\/\/casaf.com.co\/wp-content\/uploads\/2026\/05\/Gemini_Generated_Image_5zuk0p5zuk0p5zuk-300x200.png 300w, https:\/\/casaf.com.co\/wp-content\/uploads\/2026\/05\/Gemini_Generated_Image_5zuk0p5zuk0p5zuk-768x512.png 768w, https:\/\/casaf.com.co\/wp-content\/uploads\/2026\/05\/Gemini_Generated_Image_5zuk0p5zuk0p5zuk-600x400.png 600w, https:\/\/casaf.com.co\/wp-content\/uploads\/2026\/05\/Gemini_Generated_Image_5zuk0p5zuk0p5zuk.png 1264w\" sizes=\"(max-width: 1024px) 100vw, 1024px\" \/>\t\t\t\t\t\t\t\t\t\t\t\t\t\t\t<\/div>\n\t\t\t\t<\/div>\n\t\t\t\t\t<\/div>\n\t\t<\/div>\n\t\t\t\t\t<\/div>\n\t\t<\/section>\n\t\t\t\t<section class=\"elementor-section elementor-top-section elementor-element elementor-element-611951e elementor-section-boxed elementor-section-height-default elementor-section-height-default\" data-id=\"611951e\" data-element_type=\"section\">\n\t\t\t\t\t\t<div class=\"elementor-container elementor-column-gap-default\">\n\t\t\t\t\t<div class=\"elementor-column elementor-col-50 elementor-top-column elementor-element elementor-element-9960aa4\" data-id=\"9960aa4\" data-element_type=\"column\">\n\t\t\t<div class=\"elementor-widget-wrap elementor-element-populated\">\n\t\t\t\t\t\t<div class=\"elementor-element elementor-element-ea7cb60 elementor-widget elementor-widget-image\" data-id=\"ea7cb60\" data-element_type=\"widget\" data-widget_type=\"image.default\">\n\t\t\t\t<div class=\"elementor-widget-container\">\n\t\t\t\t\t\t\t\t\t\t\t\t\t\t\t<img decoding=\"async\" width=\"687\" height=\"1024\" src=\"https:\/\/casaf.com.co\/wp-content\/uploads\/2026\/05\/28b95a4f-9d42-4154-9243-ba11bd29e3b9.jpg\" class=\"attachment-large size-large wp-image-2256\" alt=\"\" srcset=\"https:\/\/casaf.com.co\/wp-content\/uploads\/2026\/05\/28b95a4f-9d42-4154-9243-ba11bd29e3b9.jpg 687w, https:\/\/casaf.com.co\/wp-content\/uploads\/2026\/05\/28b95a4f-9d42-4154-9243-ba11bd29e3b9-201x300.jpg 201w, https:\/\/casaf.com.co\/wp-content\/uploads\/2026\/05\/28b95a4f-9d42-4154-9243-ba11bd29e3b9-600x894.jpg 600w\" sizes=\"(max-width: 687px) 100vw, 687px\" \/>\t\t\t\t\t\t\t\t\t\t\t\t\t\t\t<\/div>\n\t\t\t\t<\/div>\n\t\t\t\t\t<\/div>\n\t\t<\/div>\n\t\t\t\t<div class=\"elementor-column elementor-col-50 elementor-top-column elementor-element elementor-element-3a45878\" data-id=\"3a45878\" data-element_type=\"column\">\n\t\t\t<div class=\"elementor-widget-wrap elementor-element-populated\">\n\t\t\t\t\t\t<div class=\"elementor-element elementor-element-e429615 elementor-widget elementor-widget-heading\" data-id=\"e429615\" data-element_type=\"widget\" data-widget_type=\"heading.default\">\n\t\t\t\t<div class=\"elementor-widget-container\">\n\t\t\t\t\t<h2 class=\"elementor-heading-title elementor-size-default\">Remodelaci\u00f3n y Acabados<\/h2>\t\t\t\t<\/div>\n\t\t\t\t<\/div>\n\t\t\t\t<div class=\"elementor-element elementor-element-b0cd75c elementor-widget elementor-widget-text-editor\" data-id=\"b0cd75c\" data-element_type=\"widget\" data-widget_type=\"text-editor.default\">\n\t\t\t\t<div class=\"elementor-widget-container\">\n\t\t\t\t\t\t\t\t\t<p>Como especialistas en remodelaci\u00f3n y adecuaci\u00f3n de oficinas, ejecutamos la transformaci\u00f3n f\u00edsica con rigor t\u00e9cnico.<\/p>\n<ol>\n<li><span style=\"color: #876156;\"><strong>Infraestructura y Adecuaci\u00f3n T\u00e9cnica:<\/strong><\/span> Nos encargamos de las instalaciones el\u00e9ctricas, redes de datos, iluminaci\u00f3n LED arquitect\u00f3nica y sistemas de climatizaci\u00f3n, garantizando un entorno seguro y moderno.<\/li>\n<li><span style=\"color: #876156;\"><strong>Remodelaci\u00f3n de Alto Impacto:<\/strong><\/span> Realizamos intervenciones en acabados de muros, techos falsos, pisos de alto tr\u00e1fico y divisiones en vidrio o materiales industriales que proyectan una imagen contempor\u00e1nea.<\/li>\n<li><span style=\"color: #876156;\"><strong>Gesti\u00f3n de Obra:<\/strong><\/span> Minimizamos los tiempos de inactividad de tu empresa. Nuestro proceso de adecuaci\u00f3n est\u00e1 pensado para que tu oficina abra sus puertas \u00ablisto para impresionar\u00bb, cumpliendo con los est\u00e1ndares de calidad m\u00e1s exigentes.<\/li>\n<\/ol>\t\t\t\t\t\t\t\t<\/div>\n\t\t\t\t<\/div>\n\t\t\t\t\t<\/div>\n\t\t<\/div>\n\t\t\t\t\t<\/div>\n\t\t<\/section>\n\t\t\t\t<section class=\"elementor-section elementor-top-section elementor-element elementor-element-8dc2b94 elementor-section-boxed elementor-section-height-default elementor-section-height-default\" data-id=\"8dc2b94\" data-element_type=\"section\">\n\t\t\t\t\t\t<div class=\"elementor-container elementor-column-gap-default\">\n\t\t\t\t\t<div class=\"elementor-column elementor-col-100 elementor-top-column elementor-element elementor-element-ab3dea3\" data-id=\"ab3dea3\" data-element_type=\"column\">\n\t\t\t<div class=\"elementor-widget-wrap elementor-element-populated\">\n\t\t\t\t\t\t<div class=\"elementor-element elementor-element-857fcd4 elementor-widget elementor-widget-text-editor\" data-id=\"857fcd4\" data-element_type=\"widget\" data-widget_type=\"text-editor.default\">\n\t\t\t\t<div class=\"elementor-widget-container\">\n\t\t\t\t\t\t\t\t\t<p><strong>En Casaf Company Sas nos especializamos en transformar metros cuadrados en activos estrat\u00e9gicos para tu empresa. Nuestra intervenci\u00f3n abarca desde la conceptualizaci\u00f3n t\u00e9cnica hasta el \u00faltimo detalle est\u00e9tico, garantizando que tu oficina o local comercial trabaje para el crecimiento de tu negocio.<\/strong><\/p>\t\t\t\t\t\t\t\t<\/div>\n\t\t\t\t<\/div>\n\t\t\t\t<div class=\"elementor-element elementor-element-d4df63c elementor-align-center elementor-widget elementor-widget-button\" data-id=\"d4df63c\" data-element_type=\"widget\" data-widget_type=\"button.default\">\n\t\t\t\t<div class=\"elementor-widget-container\">\n\t\t\t\t\t\t\t\t\t<div class=\"elementor-button-wrapper\">\n\t\t\t\t\t<a class=\"elementor-button elementor-button-link elementor-size-sm elementor-animation-grow\" href=\"https:\/\/casaf.com.co\/index.php\/contact\/\">\n\t\t\t\t\t\t<span class=\"elementor-button-content-wrapper\">\n\t\t\t\t\t\t\t\t\t<span class=\"elementor-button-text\">Quiero una adecuaci\u00f3n<\/span>\n\t\t\t\t\t<\/span>\n\t\t\t\t\t<\/a>\n\t\t\t\t<\/div>\n\t\t\t\t\t\t\t\t<\/div>\n\t\t\t\t<\/div>\n\t\t\t\t\t<\/div>\n\t\t<\/div>\n\t\t\t\t\t<\/div>\n\t\t<\/section>\n\t\t\t\t<\/div>\n\t\t","protected":false},"excerpt":{"rendered":"<p>Adecuaci\u00f3n Locales y Oficinas En Casaf Company SAS, Dise\u00f1amos espacios que inspiran a tu equipo y reflejan la grandeza de tu empresa. Nos encargamos del dise\u00f1o, la adecuaci\u00f3n y los acabados para que tu negocio abra sus puertas listo para impactar a clientes y colaboradores.\u00a0 Dise\u00f1o, Planificaci\u00f3n y Conceptualizaci\u00f3n No solo dise\u00f1amos espacios bonitos; creamos &hellip;<\/p>\n<p class=\"read-more\"> <a class=\"\" href=\"https:\/\/casaf.com.co\/index.php\/gestion-y-aprovechamiento-de-aguas-subterraneas\/\"> <span class=\"screen-reader-text\">Gesti\u00f3n y Aprovechamiento de Aguas Subterr\u00e1neas<\/span> Leer m\u00e1s &raquo;<\/a><\/p>\n","protected":false},"author":1,"featured_media":0,"parent":0,"menu_order":0,"comment_status":"closed","ping_status":"closed","template":"","meta":{"om_disable_all_campaigns":false,"_monsterinsights_skip_tracking":false,"_monsterinsights_sitenote_active":false,"_monsterinsights_sitenote_note":"","_monsterinsights_sitenote_category":0,"site-sidebar-layout":"no-sidebar","site-content-layout":"page-builder","ast-main-header-display":"","ast-hfb-above-header-display":"","ast-hfb-below-header-display":"","ast-hfb-mobile-header-display":"","site-post-title":"disabled","ast-breadcrumbs-content":"","ast-featured-img":"disabled","footer-sml-layout":"","theme-transparent-header-meta":"","adv-header-id-meta":"","stick-header-meta":"","header-above-stick-meta":"","header-main-stick-meta":"","header-below-stick-meta":"","footnotes":""},"class_list":["post-1265","page","type-page","status-publish","hentry"],"aioseo_notices":[],"jetpack_sharing_enabled":true,"_links":{"self":[{"href":"https:\/\/casaf.com.co\/index.php\/wp-json\/wp\/v2\/pages\/1265","targetHints":{"allow":["GET"]}}],"collection":[{"href":"https:\/\/casaf.com.co\/index.php\/wp-json\/wp\/v2\/pages"}],"about":[{"href":"https:\/\/casaf.com.co\/index.php\/wp-json\/wp\/v2\/types\/page"}],"author":[{"embeddable":true,"href":"https:\/\/casaf.com.co\/index.php\/wp-json\/wp\/v2\/users\/1"}],"replies":[{"embeddable":true,"href":"https:\/\/casaf.com.co\/index.php\/wp-json\/wp\/v2\/comments?post=1265"}],"version-history":[{"count":46,"href":"https:\/\/casaf.com.co\/index.php\/wp-json\/wp\/v2\/pages\/1265\/revisions"}],"predecessor-version":[{"id":2259,"href":"https:\/\/casaf.com.co\/index.php\/wp-json\/wp\/v2\/pages\/1265\/revisions\/2259"}],"wp:attachment":[{"href":"https:\/\/casaf.com.co\/index.php\/wp-json\/wp\/v2\/media?parent=1265"}],"curies":[{"name":"wp","href":"https:\/\/api.w.org\/{rel}","templated":true}]}}