{"id":1293,"date":"2025-01-09T15:20:25","date_gmt":"2025-01-09T15:20:25","guid":{"rendered":"https:\/\/casaf.com.co\/?page_id=1293"},"modified":"2026-05-14T02:52:10","modified_gmt":"2026-05-14T02:52:10","slug":"servicios-complementarios-para-la-industria-del-agua","status":"publish","type":"page","link":"https:\/\/casaf.com.co\/index.php\/servicios-complementarios-para-la-industria-del-agua\/","title":{"rendered":"Servicios Complementarios para la Industria del Agua"},"content":{"rendered":"\t\t<div data-elementor-type=\"wp-page\" data-elementor-id=\"1293\" class=\"elementor elementor-1293\">\n\t\t\t\t\t\t<section class=\"elementor-section elementor-top-section elementor-element elementor-element-e2ec8f2 elementor-section-boxed elementor-section-height-default elementor-section-height-default\" data-id=\"e2ec8f2\" data-element_type=\"section\">\n\t\t\t\t\t\t<div class=\"elementor-container elementor-column-gap-default\">\n\t\t\t\t\t<div class=\"elementor-column elementor-col-100 elementor-top-column elementor-element elementor-element-b07ca42\" data-id=\"b07ca42\" data-element_type=\"column\">\n\t\t\t<div class=\"elementor-widget-wrap elementor-element-populated\">\n\t\t\t\t\t\t<div class=\"elementor-element elementor-element-dc613ec elementor-widget elementor-widget-heading\" data-id=\"dc613ec\" data-element_type=\"widget\" data-widget_type=\"heading.default\">\n\t\t\t\t<div class=\"elementor-widget-container\">\n\t\t\t\t\t<h2 class=\"elementor-heading-title elementor-size-default\">Tu Hogar Inteligente<\/h2>\t\t\t\t<\/div>\n\t\t\t\t<\/div>\n\t\t\t\t\t<\/div>\n\t\t<\/div>\n\t\t\t\t\t<\/div>\n\t\t<\/section>\n\t\t\t\t<section class=\"elementor-section elementor-top-section elementor-element elementor-element-58fb0d1 elementor-section-boxed elementor-section-height-default elementor-section-height-default\" data-id=\"58fb0d1\" data-element_type=\"section\">\n\t\t\t\t\t\t<div class=\"elementor-container elementor-column-gap-default\">\n\t\t\t\t\t<div class=\"elementor-column elementor-col-100 elementor-top-column elementor-element elementor-element-545a6da\" data-id=\"545a6da\" data-element_type=\"column\">\n\t\t\t<div class=\"elementor-widget-wrap elementor-element-populated\">\n\t\t\t\t\t\t<div class=\"elementor-element elementor-element-ae16e94 elementor-widget elementor-widget-text-editor\" data-id=\"ae16e94\" data-element_type=\"widget\" data-widget_type=\"text-editor.default\">\n\t\t\t\t<div class=\"elementor-widget-container\">\n\t\t\t\t\t\t\t\t\t<p>En <span data-path-to-node=\"4\" data-index-in-node=\"3\">Casaf Company Sas<\/span>, integramos tecnolog\u00eda de vanguardia para convertir tu casa en un entorno seguro y eficiente. Instalamos sistemas avanzados que puedes gestionar completamente desde tu celular. Entendemos que la seguridad no es solo instalar equipos, es brindarte la tranquilidad de tener el control total de tu espacio en la palma de tu mano.<\/p>\t\t\t\t\t\t\t\t<\/div>\n\t\t\t\t<\/div>\n\t\t\t\t\t<\/div>\n\t\t<\/div>\n\t\t\t\t\t<\/div>\n\t\t<\/section>\n\t\t\t\t<section class=\"elementor-section elementor-top-section elementor-element elementor-element-456e85f elementor-section-boxed elementor-section-height-default elementor-section-height-default\" data-id=\"456e85f\" data-element_type=\"section\">\n\t\t\t\t\t\t<div class=\"elementor-container elementor-column-gap-default\">\n\t\t\t\t\t<div class=\"elementor-column elementor-col-50 elementor-top-column elementor-element elementor-element-48e7a38\" data-id=\"48e7a38\" data-element_type=\"column\">\n\t\t\t<div class=\"elementor-widget-wrap elementor-element-populated\">\n\t\t\t\t\t\t<div class=\"elementor-element elementor-element-384426c elementor-widget elementor-widget-heading\" data-id=\"384426c\" data-element_type=\"widget\" data-widget_type=\"heading.default\">\n\t\t\t\t<div class=\"elementor-widget-container\">\n\t\t\t\t\t<h2 class=\"elementor-heading-title elementor-size-default\">Tu tranquilidad evoluciona con Casaf<\/h2>\t\t\t\t<\/div>\n\t\t\t\t<\/div>\n\t\t\t\t<div class=\"elementor-element elementor-element-09e8129 elementor-widget elementor-widget-text-editor\" data-id=\"09e8129\" data-element_type=\"widget\" data-widget_type=\"text-editor.default\">\n\t\t\t\t<div class=\"elementor-widget-container\">\n\t\t\t\t\t\t\t\t\t<p>No se trata solo de proteger lo que tienes, sino de vivir con la certeza de que todo est\u00e1 bajo control. Con nuestra tecnolog\u00eda de integraci\u00f3n inteligente, tu hogar responde a tus necesidades desde cualquier lugar del mundo.<\/p><p><span style=\"color: #876156;\"><b data-path-to-node=\"4,0,0\" data-index-in-node=\"0\">Vigilancia en tiempo real:<\/b><\/span> Observa lo que sucede en tu hogar con c\u00e1maras de alta resoluci\u00f3n vinculadas directamente a tu smartphone.<\/p><p><span style=\"color: #876156;\"><b data-path-to-node=\"4,1,0\" data-index-in-node=\"0\">Acceso inteligente:<\/b><\/span> Responde a tu videoportero y gestiona entradas sin importar d\u00f3nde te encuentres.<\/p><p><span style=\"color: #876156;\"><b data-path-to-node=\"4,2,0\" data-index-in-node=\"0\">Gesti\u00f3n unificada:<\/b><\/span> Conecta alarmas y sensores en una interfaz intuitiva dise\u00f1ada para tu comodidad.<\/p>\t\t\t\t\t\t\t\t<\/div>\n\t\t\t\t<\/div>\n\t\t\t\t\t<\/div>\n\t\t<\/div>\n\t\t\t\t<div class=\"elementor-column elementor-col-50 elementor-top-column elementor-element elementor-element-8882090\" data-id=\"8882090\" data-element_type=\"column\">\n\t\t\t<div class=\"elementor-widget-wrap elementor-element-populated\">\n\t\t\t\t\t\t<div class=\"elementor-element elementor-element-cbb7b99 elementor-widget elementor-widget-image\" data-id=\"cbb7b99\" data-element_type=\"widget\" data-widget_type=\"image.default\">\n\t\t\t\t<div class=\"elementor-widget-container\">\n\t\t\t\t\t\t\t\t\t\t\t\t\t\t\t<img fetchpriority=\"high\" decoding=\"async\" width=\"768\" height=\"512\" src=\"https:\/\/casaf.com.co\/wp-content\/uploads\/2026\/05\/e219db0f-83d8-4efa-affb-1dc14e374fcc-768x512.jpg\" class=\"attachment-medium_large size-medium_large wp-image-2102\" alt=\"\" srcset=\"https:\/\/casaf.com.co\/wp-content\/uploads\/2026\/05\/e219db0f-83d8-4efa-affb-1dc14e374fcc-768x512.jpg 768w, https:\/\/casaf.com.co\/wp-content\/uploads\/2026\/05\/e219db0f-83d8-4efa-affb-1dc14e374fcc-300x200.jpg 300w, https:\/\/casaf.com.co\/wp-content\/uploads\/2026\/05\/e219db0f-83d8-4efa-affb-1dc14e374fcc-600x400.jpg 600w, https:\/\/casaf.com.co\/wp-content\/uploads\/2026\/05\/e219db0f-83d8-4efa-affb-1dc14e374fcc.jpg 1024w\" sizes=\"(max-width: 768px) 100vw, 768px\" \/>\t\t\t\t\t\t\t\t\t\t\t\t\t\t\t<\/div>\n\t\t\t\t<\/div>\n\t\t\t\t\t<\/div>\n\t\t<\/div>\n\t\t\t\t\t<\/div>\n\t\t<\/section>\n\t\t\t\t<section class=\"elementor-section elementor-top-section elementor-element elementor-element-dd69d32 elementor-section-boxed elementor-section-height-default elementor-section-height-default\" data-id=\"dd69d32\" data-element_type=\"section\">\n\t\t\t\t\t\t<div class=\"elementor-container elementor-column-gap-default\">\n\t\t\t\t\t<div class=\"elementor-column elementor-col-50 elementor-top-column elementor-element elementor-element-2226f0f\" data-id=\"2226f0f\" data-element_type=\"column\">\n\t\t\t<div class=\"elementor-widget-wrap elementor-element-populated\">\n\t\t\t\t\t\t<div class=\"elementor-element elementor-element-09b5d4e elementor-widget elementor-widget-image\" data-id=\"09b5d4e\" data-element_type=\"widget\" data-widget_type=\"image.default\">\n\t\t\t\t<div class=\"elementor-widget-container\">\n\t\t\t\t\t\t\t\t\t\t\t\t\t\t\t<img decoding=\"async\" width=\"1024\" height=\"559\" src=\"https:\/\/casaf.com.co\/wp-content\/uploads\/2026\/05\/11a081db-e681-4ee0-94b5-b5dac26f2b7f.jpg\" class=\"attachment-large size-large wp-image-2108\" alt=\"\" srcset=\"https:\/\/casaf.com.co\/wp-content\/uploads\/2026\/05\/11a081db-e681-4ee0-94b5-b5dac26f2b7f.jpg 1024w, https:\/\/casaf.com.co\/wp-content\/uploads\/2026\/05\/11a081db-e681-4ee0-94b5-b5dac26f2b7f-300x164.jpg 300w, https:\/\/casaf.com.co\/wp-content\/uploads\/2026\/05\/11a081db-e681-4ee0-94b5-b5dac26f2b7f-768x419.jpg 768w, https:\/\/casaf.com.co\/wp-content\/uploads\/2026\/05\/11a081db-e681-4ee0-94b5-b5dac26f2b7f-600x328.jpg 600w\" sizes=\"(max-width: 1024px) 100vw, 1024px\" \/>\t\t\t\t\t\t\t\t\t\t\t\t\t\t\t<\/div>\n\t\t\t\t<\/div>\n\t\t\t\t\t<\/div>\n\t\t<\/div>\n\t\t\t\t<div class=\"elementor-column elementor-col-50 elementor-top-column elementor-element elementor-element-6616213\" data-id=\"6616213\" data-element_type=\"column\">\n\t\t\t<div class=\"elementor-widget-wrap elementor-element-populated\">\n\t\t\t\t\t\t<div class=\"elementor-element elementor-element-b0a388b elementor-widget elementor-widget-text-editor\" data-id=\"b0a388b\" data-element_type=\"widget\" data-widget_type=\"text-editor.default\">\n\t\t\t\t<div class=\"elementor-widget-container\">\n\t\t\t\t\t\t\t\t\t<p>reforzamos tu tranquilidad desde la entrada principal. Combinamos la resistencia f\u00edsica con la innovaci\u00f3n digital para que el acceso a tu espacio sea siempre seguro, c\u00f3modo y bajo tu total supervisi\u00f3n.<\/p><p><span style=\"color: #876156;\"><strong>Puertas de Alta Seguridad:<\/strong><\/span> Estructuras reforzadas dise\u00f1adas para resistir intentos de intrusi\u00f3n, brindando una barrera f\u00edsica infranqueable.<\/p><p><span style=\"color: #876156;\"><b data-path-to-node=\"3,1,0\" data-index-in-node=\"0\">Puertas Acorazadas:<\/b><\/span> Son las m\u00e1s resistentes. La estructura de la hoja y el marco son \u00edntegramente de acero, revestidas con paneles de madera por est\u00e9tica. Tienen sistemas de anclaje en los cuatro costados<\/p><p><span style=\"color: #876156;\"><b style=\"font-style: inherit;\" data-path-to-node=\"6,0,0\" data-index-in-node=\"0\">M\u00e9todos de Apertura:<\/b><\/span><span style=\"font-style: inherit; font-weight: inherit;\"> Huella dactilar (biom\u00e9trico), c\u00f3digos num\u00e9ricos, tarjetas NFC, aplicaciones m\u00f3viles o incluso reconocimiento facial.<\/span><\/p>\t\t\t\t\t\t\t\t<\/div>\n\t\t\t\t<\/div>\n\t\t\t\t\t<\/div>\n\t\t<\/div>\n\t\t\t\t\t<\/div>\n\t\t<\/section>\n\t\t\t\t<section class=\"elementor-section elementor-top-section elementor-element elementor-element-524da59 elementor-section-boxed elementor-section-height-default elementor-section-height-default\" data-id=\"524da59\" data-element_type=\"section\">\n\t\t\t\t\t\t<div class=\"elementor-container elementor-column-gap-default\">\n\t\t\t\t\t<div class=\"elementor-column elementor-col-100 elementor-top-column elementor-element elementor-element-fa79965\" data-id=\"fa79965\" data-element_type=\"column\">\n\t\t\t<div class=\"elementor-widget-wrap elementor-element-populated\">\n\t\t\t\t\t\t<div class=\"elementor-element elementor-element-09a0128 elementor-widget elementor-widget-heading\" data-id=\"09a0128\" data-element_type=\"widget\" data-widget_type=\"heading.default\">\n\t\t\t\t<div class=\"elementor-widget-container\">\n\t\t\t\t\t<h2 class=\"elementor-heading-title elementor-size-default\">Beneficios de Elegir Casaf Home<\/h2>\t\t\t\t<\/div>\n\t\t\t\t<\/div>\n\t\t\t\t<div class=\"elementor-element elementor-element-e466fe9 elementor-widget elementor-widget-text-editor\" data-id=\"e466fe9\" data-element_type=\"widget\" data-widget_type=\"text-editor.default\">\n\t\t\t\t<div class=\"elementor-widget-container\">\n\t\t\t\t\t\t\t\t\t<ul data-path-to-node=\"3\"><li><p data-path-to-node=\"3,0,0\"><span style=\"color: #876156;\"><b data-path-to-node=\"3,0,0\" data-index-in-node=\"0\">Cumplimiento Normativo:<\/b><\/span> Garantizamos que cada pieza de mobiliario y proyecto de adecuaci\u00f3n cumpla con los est\u00e1ndares internacionales de ergonom\u00eda y seguridad.<\/p><\/li><li><p data-path-to-node=\"3,0,0\"><span style=\"color: #876156;\"><b style=\"font-style: inherit;\" data-path-to-node=\"3,1,0\" data-index-in-node=\"0\">Optimizaci\u00f3n Operativa:<\/b><\/span><span style=\"font-style: inherit; font-weight: inherit;\"> Creamos dise\u00f1os de espacios eficientes que potencian la productividad y reducen costos de mantenimiento a largo plazo.<\/span><\/p><\/li><li><p data-path-to-node=\"3,2,0\"><span style=\"color: #876156;\"><b data-path-to-node=\"3,2,0\" data-index-in-node=\"0\">Reducci\u00f3n de Riesgos:<\/b><\/span> Prevenimos problemas de salud ocupacional y fallos t\u00e9cnicos mediante un asesoramiento experto y proactivo en el dise\u00f1o de interiores.<\/p><\/li><li><p data-path-to-node=\"3,3,0\"><span style=\"color: #876156;\"><b data-path-to-node=\"3,3,0\" data-index-in-node=\"0\">Sostenibilidad y Confort:<\/b><\/span> Seleccionamos materiales duraderos y procesos que minimizan el impacto ambiental, maximizando el bienestar del usuario.<\/p><\/li><\/ul>\t\t\t\t\t\t\t\t<\/div>\n\t\t\t\t<\/div>\n\t\t\t\t\t<\/div>\n\t\t<\/div>\n\t\t\t\t\t<\/div>\n\t\t<\/section>\n\t\t\t\t<section class=\"elementor-section elementor-top-section elementor-element elementor-element-ff34dd5 elementor-section-boxed elementor-section-height-default elementor-section-height-default\" data-id=\"ff34dd5\" data-element_type=\"section\">\n\t\t\t\t\t\t<div class=\"elementor-container elementor-column-gap-default\">\n\t\t\t\t\t<div class=\"elementor-column elementor-col-100 elementor-top-column elementor-element elementor-element-01ba385\" data-id=\"01ba385\" data-element_type=\"column\">\n\t\t\t<div class=\"elementor-widget-wrap elementor-element-populated\">\n\t\t\t\t\t\t<div class=\"elementor-element elementor-element-abbaae7 elementor-widget elementor-widget-text-editor\" data-id=\"abbaae7\" data-element_type=\"widget\" data-widget_type=\"text-editor.default\">\n\t\t\t\t<div class=\"elementor-widget-container\">\n\t\t\t\t\t\t\t\t\t<p>En <b data-path-to-node=\"9\" data-index-in-node=\"3\">Casaf Company Sas<\/b>\u00a0contamos con la experiencia en dise\u00f1o y las herramientas tecnol\u00f3gicas para llevar tus espacios al siguiente nivel. Cont\u00e1ctanos para crear soluciones que combinen elegancia, ergonom\u00eda y resultados tangibles para tu hogar u oficina.<\/p>\t\t\t\t\t\t\t\t<\/div>\n\t\t\t\t<\/div>\n\t\t\t\t<div class=\"elementor-element elementor-element-b0174e3 elementor-align-center elementor-widget elementor-widget-button\" data-id=\"b0174e3\" data-element_type=\"widget\" data-widget_type=\"button.default\">\n\t\t\t\t<div class=\"elementor-widget-container\">\n\t\t\t\t\t\t\t\t\t<div class=\"elementor-button-wrapper\">\n\t\t\t\t\t<a class=\"elementor-button elementor-button-link elementor-size-sm elementor-animation-grow\" href=\"https:\/\/casaf.com.co\/index.php\/contact\/\">\n\t\t\t\t\t\t<span class=\"elementor-button-content-wrapper\">\n\t\t\t\t\t\t\t\t\t<span class=\"elementor-button-text\">Estas en tu Hogar <\/span>\n\t\t\t\t\t<\/span>\n\t\t\t\t\t<\/a>\n\t\t\t\t<\/div>\n\t\t\t\t\t\t\t\t<\/div>\n\t\t\t\t<\/div>\n\t\t\t\t\t<\/div>\n\t\t<\/div>\n\t\t\t\t\t<\/div>\n\t\t<\/section>\n\t\t\t\t<\/div>\n\t\t","protected":false},"excerpt":{"rendered":"<p>Tu Hogar Inteligente En Casaf Company Sas, integramos tecnolog\u00eda de vanguardia para convertir tu casa en un entorno seguro y eficiente. Instalamos sistemas avanzados que puedes gestionar completamente desde tu celular. Entendemos que la seguridad no es solo instalar equipos, es brindarte la tranquilidad de tener el control total de tu espacio en la palma &hellip;<\/p>\n<p class=\"read-more\"> <a class=\"\" href=\"https:\/\/casaf.com.co\/index.php\/servicios-complementarios-para-la-industria-del-agua\/\"> <span class=\"screen-reader-text\">Servicios Complementarios para la Industria del Agua<\/span> Leer m\u00e1s &raquo;<\/a><\/p>\n","protected":false},"author":1,"featured_media":0,"parent":0,"menu_order":0,"comment_status":"closed","ping_status":"closed","template":"","meta":{"om_disable_all_campaigns":false,"_monsterinsights_skip_tracking":false,"_monsterinsights_sitenote_active":false,"_monsterinsights_sitenote_note":"","_monsterinsights_sitenote_category":0,"site-sidebar-layout":"no-sidebar","site-content-layout":"page-builder","ast-main-header-display":"","ast-hfb-above-header-display":"","ast-hfb-below-header-display":"","ast-hfb-mobile-header-display":"","site-post-title":"disabled","ast-breadcrumbs-content":"","ast-featured-img":"disabled","footer-sml-layout":"","theme-transparent-header-meta":"","adv-header-id-meta":"","stick-header-meta":"","header-above-stick-meta":"","header-main-stick-meta":"","header-below-stick-meta":"","footnotes":""},"class_list":["post-1293","page","type-page","status-publish","hentry"],"aioseo_notices":[],"jetpack_sharing_enabled":true,"_links":{"self":[{"href":"https:\/\/casaf.com.co\/index.php\/wp-json\/wp\/v2\/pages\/1293","targetHints":{"allow":["GET"]}}],"collection":[{"href":"https:\/\/casaf.com.co\/index.php\/wp-json\/wp\/v2\/pages"}],"about":[{"href":"https:\/\/casaf.com.co\/index.php\/wp-json\/wp\/v2\/types\/page"}],"author":[{"embeddable":true,"href":"https:\/\/casaf.com.co\/index.php\/wp-json\/wp\/v2\/users\/1"}],"replies":[{"embeddable":true,"href":"https:\/\/casaf.com.co\/index.php\/wp-json\/wp\/v2\/comments?post=1293"}],"version-history":[{"count":22,"href":"https:\/\/casaf.com.co\/index.php\/wp-json\/wp\/v2\/pages\/1293\/revisions"}],"predecessor-version":[{"id":2262,"href":"https:\/\/casaf.com.co\/index.php\/wp-json\/wp\/v2\/pages\/1293\/revisions\/2262"}],"wp:attachment":[{"href":"https:\/\/casaf.com.co\/index.php\/wp-json\/wp\/v2\/media?parent=1293"}],"curies":[{"name":"wp","href":"https:\/\/api.w.org\/{rel}","templated":true}]}}