{"id":525,"date":"2018-11-26T12:45:57","date_gmt":"2018-11-26T12:45:57","guid":{"rendered":"https:\/\/casaf.com.co\/index.php\/about\/"},"modified":"2026-05-14T03:26:23","modified_gmt":"2026-05-14T03:26:23","slug":"about","status":"publish","type":"page","link":"https:\/\/casaf.com.co\/index.php\/about\/","title":{"rendered":"About"},"content":{"rendered":"\t\t<div data-elementor-type=\"wp-post\" data-elementor-id=\"525\" class=\"elementor elementor-525\">\n\t\t\t\t\t\t<section class=\"elementor-section elementor-top-section elementor-element elementor-element-1b5d768b elementor-section-content-middle elementor-section-boxed elementor-section-height-default elementor-section-height-default\" data-id=\"1b5d768b\" data-element_type=\"section\" data-settings=\"{&quot;background_background&quot;:&quot;classic&quot;}\">\n\t\t\t\t\t\t\t<div class=\"elementor-background-overlay\"><\/div>\n\t\t\t\t\t\t\t<div class=\"elementor-container elementor-column-gap-no\">\n\t\t\t\t\t<div class=\"elementor-column elementor-col-100 elementor-top-column elementor-element elementor-element-1608c15b\" data-id=\"1608c15b\" data-element_type=\"column\">\n\t\t\t<div class=\"elementor-widget-wrap elementor-element-populated\">\n\t\t\t\t\t\t<div class=\"elementor-element elementor-element-321a34b8 elementor-widget__width-initial elementor-widget elementor-widget-heading\" data-id=\"321a34b8\" data-element_type=\"widget\" data-widget_type=\"heading.default\">\n\t\t\t\t<div class=\"elementor-widget-container\">\n\t\t\t\t\t<h1 class=\"elementor-heading-title elementor-size-default\">Somos Casaf <\/h1>\t\t\t\t<\/div>\n\t\t\t\t<\/div>\n\t\t\t\t\t<\/div>\n\t\t<\/div>\n\t\t\t\t\t<\/div>\n\t\t<\/section>\n\t\t\t\t<section class=\"elementor-section elementor-top-section elementor-element elementor-element-dcf395a elementor-section-boxed elementor-section-height-default elementor-section-height-default\" data-id=\"dcf395a\" data-element_type=\"section\">\n\t\t\t\t\t\t<div class=\"elementor-container elementor-column-gap-default\">\n\t\t\t\t\t<div class=\"elementor-column elementor-col-100 elementor-top-column elementor-element elementor-element-58fbe46\" data-id=\"58fbe46\" data-element_type=\"column\">\n\t\t\t<div class=\"elementor-widget-wrap elementor-element-populated\">\n\t\t\t\t\t\t<div class=\"elementor-element elementor-element-4c1037a elementor-widget elementor-widget-heading\" data-id=\"4c1037a\" data-element_type=\"widget\" data-widget_type=\"heading.default\">\n\t\t\t\t<div class=\"elementor-widget-container\">\n\t\t\t\t\t<h2 class=\"elementor-heading-title elementor-size-default\">Especialistas en espacios que inspiran.<\/h2>\t\t\t\t<\/div>\n\t\t\t\t<\/div>\n\t\t\t\t<div class=\"elementor-element elementor-element-ac1409d elementor-widget__width-initial elementor-widget elementor-widget-heading\" data-id=\"ac1409d\" data-element_type=\"widget\" data-widget_type=\"heading.default\">\n\t\t\t\t<div class=\"elementor-widget-container\">\n\t\t\t\t\t<h2 class=\"elementor-heading-title elementor-size-default\">En Casaf Company S.A.S. no solo dise\u00f1amos espacios\u2026\ndise\u00f1amos c\u00f3mo se vive dentro de ellos.\nNacimos con una idea simple pero poderosa: los lugares\ndonde pasas tu vida deber\u00edan inspirarte, impulsarte y\nhacerte sentir en casa, sin importar si est\u00e1s descansando,\ntrabajando o construyendo algo grande.<\/h2>\t\t\t\t<\/div>\n\t\t\t\t<\/div>\n\t\t\t\t<div class=\"elementor-element elementor-element-39614b1 elementor-widget elementor-widget-image\" data-id=\"39614b1\" data-element_type=\"widget\" data-widget_type=\"image.default\">\n\t\t\t\t<div class=\"elementor-widget-container\">\n\t\t\t\t\t\t\t\t\t\t\t\t\t\t\t<img decoding=\"async\" src=\"https:\/\/casaf.com.co\/wp-content\/uploads\/2026\/05\/cozy-living-room-modern-apartment-1-scaled.jpg\" title=\"Cozy living room of a modern apartment\" alt=\"The cozy living room of a modern apartment\" loading=\"lazy\" \/>\t\t\t\t\t\t\t\t\t\t\t\t\t\t\t<\/div>\n\t\t\t\t<\/div>\n\t\t\t\t\t<\/div>\n\t\t<\/div>\n\t\t\t\t\t<\/div>\n\t\t<\/section>\n\t\t\t\t<section class=\"elementor-section elementor-top-section elementor-element elementor-element-40a873ed elementor-section-boxed elementor-section-height-default elementor-section-height-default\" data-id=\"40a873ed\" data-element_type=\"section\">\n\t\t\t\t\t\t\t<div class=\"elementor-background-overlay\"><\/div>\n\t\t\t\t\t\t\t<div class=\"elementor-container elementor-column-gap-no\">\n\t\t\t\t\t<div class=\"elementor-column elementor-col-100 elementor-top-column elementor-element elementor-element-7b7e5e6f\" data-id=\"7b7e5e6f\" data-element_type=\"column\">\n\t\t\t<div class=\"elementor-widget-wrap elementor-element-populated\">\n\t\t\t\t\t\t<div class=\"elementor-element elementor-element-9ed1e94 elementor-widget elementor-widget-image-gallery\" data-id=\"9ed1e94\" data-element_type=\"widget\" data-widget_type=\"image-gallery.default\">\n\t\t\t\t<div class=\"elementor-widget-container\">\n\t\t\t\t\t\t\t<div class=\"elementor-image-gallery\">\n\t\t\t<div id='gallery-1' class='gallery galleryid-525 gallery-columns-4 gallery-size-full'><figure class='gallery-item'>\n\t\t\t<div class='gallery-icon landscape'>\n\t\t\t\t<a data-elementor-open-lightbox=\"yes\" data-elementor-lightbox-slideshow=\"9ed1e94\" data-elementor-lightbox-title=\"Sala moderna con iluminaci\u00f3n natural\" data-elementor-lightbox-description=\"Espacio residencial de estilo moderno que combina mobiliario oscuro con pisos de madera, alfombra de pelo largo y abundante luz natural. Ideal para proyectos de dise\u00f1o de salas de estar.\" data-e-action-hash=\"#elementor-action%3Aaction%3Dlightbox%26settings%3DeyJpZCI6MjE3NSwidXJsIjoiaHR0cHM6XC9cL2Nhc2FmLmNvbS5jb1wvd3AtY29udGVudFwvdXBsb2Fkc1wvMjAyNlwvMDVcLzEtc2NhbGVkLmpwZyIsInNsaWRlc2hvdyI6IjllZDFlOTQifQ%3D%3D\" href='https:\/\/casaf.com.co\/wp-content\/uploads\/2026\/05\/1-scaled.jpg'><img fetchpriority=\"high\" decoding=\"async\" width=\"2560\" height=\"2560\" src=\"https:\/\/casaf.com.co\/wp-content\/uploads\/2026\/05\/1-scaled.jpg\" class=\"attachment-full size-full\" alt=\"Sala de estar moderna con sof\u00e1 oscuro, mesa de centro redonda, alfombra blanca y decoraci\u00f3n en madera\" aria-describedby=\"gallery-1-2175\" srcset=\"https:\/\/casaf.com.co\/wp-content\/uploads\/2026\/05\/1-scaled.jpg 2560w, https:\/\/casaf.com.co\/wp-content\/uploads\/2026\/05\/1-300x300.jpg 300w, https:\/\/casaf.com.co\/wp-content\/uploads\/2026\/05\/1-1024x1024.jpg 1024w, https:\/\/casaf.com.co\/wp-content\/uploads\/2026\/05\/1-150x150.jpg 150w, https:\/\/casaf.com.co\/wp-content\/uploads\/2026\/05\/1-768x768.jpg 768w, https:\/\/casaf.com.co\/wp-content\/uploads\/2026\/05\/1-1536x1536.jpg 1536w, https:\/\/casaf.com.co\/wp-content\/uploads\/2026\/05\/1-2048x2048.jpg 2048w, https:\/\/casaf.com.co\/wp-content\/uploads\/2026\/05\/1-1320x1320.jpg 1320w, https:\/\/casaf.com.co\/wp-content\/uploads\/2026\/05\/1-600x600.jpg 600w, https:\/\/casaf.com.co\/wp-content\/uploads\/2026\/05\/1-100x100.jpg 100w\" sizes=\"(max-width: 2560px) 100vw, 2560px\" \/><\/a>\n\t\t\t<\/div>\n\t\t\t\t<figcaption class='wp-caption-text gallery-caption' id='gallery-1-2175'>\n\t\t\t\tDise\u00f1o de interiores contempor\u00e1neo con acabados en madera y textiles neutros\n\t\t\t\t<\/figcaption><\/figure><figure class='gallery-item'>\n\t\t\t<div class='gallery-icon landscape'>\n\t\t\t\t<a data-elementor-open-lightbox=\"yes\" data-elementor-lightbox-slideshow=\"9ed1e94\" data-elementor-lightbox-title=\"Oficina ejecutiva de dise\u00f1o contempor\u00e1neo\" data-elementor-lightbox-description=\"Oficina de direcci\u00f3n con dise\u00f1o minimalista que integra escritorio en tonos claros, sillas de cuero negro, sof\u00e1 lounge y estanter\u00eda con iluminaci\u00f3n c\u00e1lida. Refleja elegancia y funcionalidad corporativa.\" data-e-action-hash=\"#elementor-action%3Aaction%3Dlightbox%26settings%3DeyJpZCI6MjE3NiwidXJsIjoiaHR0cHM6XC9cL2Nhc2FmLmNvbS5jb1wvd3AtY29udGVudFwvdXBsb2Fkc1wvMjAyNlwvMDVcLzItc2NhbGVkLmpwZyIsInNsaWRlc2hvdyI6IjllZDFlOTQifQ%3D%3D\" href='https:\/\/casaf.com.co\/wp-content\/uploads\/2026\/05\/2-scaled.jpg'><img decoding=\"async\" width=\"2560\" height=\"2560\" src=\"https:\/\/casaf.com.co\/wp-content\/uploads\/2026\/05\/2-scaled.jpg\" class=\"attachment-full size-full\" alt=\"Oficina ejecutiva moderna con escritorio blanco, sillas ergon\u00f3micas negras y estanter\u00eda iluminada\" aria-describedby=\"gallery-1-2176\" srcset=\"https:\/\/casaf.com.co\/wp-content\/uploads\/2026\/05\/2-scaled.jpg 2560w, https:\/\/casaf.com.co\/wp-content\/uploads\/2026\/05\/2-300x300.jpg 300w, https:\/\/casaf.com.co\/wp-content\/uploads\/2026\/05\/2-1024x1024.jpg 1024w, https:\/\/casaf.com.co\/wp-content\/uploads\/2026\/05\/2-150x150.jpg 150w, https:\/\/casaf.com.co\/wp-content\/uploads\/2026\/05\/2-768x768.jpg 768w, https:\/\/casaf.com.co\/wp-content\/uploads\/2026\/05\/2-1536x1536.jpg 1536w, https:\/\/casaf.com.co\/wp-content\/uploads\/2026\/05\/2-2048x2048.jpg 2048w, https:\/\/casaf.com.co\/wp-content\/uploads\/2026\/05\/2-1320x1320.jpg 1320w, https:\/\/casaf.com.co\/wp-content\/uploads\/2026\/05\/2-600x600.jpg 600w, https:\/\/casaf.com.co\/wp-content\/uploads\/2026\/05\/2-100x100.jpg 100w\" sizes=\"(max-width: 2560px) 100vw, 2560px\" \/><\/a>\n\t\t\t<\/div>\n\t\t\t\t<figcaption class='wp-caption-text gallery-caption' id='gallery-1-2176'>\n\t\t\t\tAmbiente de trabajo sofisticado con iluminaci\u00f3n LED y mobiliario de alta gama\n\t\t\t\t<\/figcaption><\/figure><figure class='gallery-item'>\n\t\t\t<div class='gallery-icon landscape'>\n\t\t\t\t<a data-elementor-open-lightbox=\"yes\" data-elementor-lightbox-slideshow=\"9ed1e94\" data-elementor-lightbox-title=\"Restaurante moderno con dise\u00f1o industrial\" data-elementor-lightbox-description=\"Dise\u00f1o interior de establecimiento gastron\u00f3mico que combina elementos industriales con madera c\u00e1lida. Incluye barra de atenci\u00f3n, vitrinas de exhibici\u00f3n y men\u00fas digitales en pared. Ambiente oscuro y acogedor.\" data-e-action-hash=\"#elementor-action%3Aaction%3Dlightbox%26settings%3DeyJpZCI6MjE3NywidXJsIjoiaHR0cHM6XC9cL2Nhc2FmLmNvbS5jb1wvd3AtY29udGVudFwvdXBsb2Fkc1wvMjAyNlwvMDVcLzMtc2NhbGVkLmpwZyIsInNsaWRlc2hvdyI6IjllZDFlOTQifQ%3D%3D\" href='https:\/\/casaf.com.co\/wp-content\/uploads\/2026\/05\/3-scaled.jpg'><img decoding=\"async\" width=\"2560\" height=\"2560\" src=\"https:\/\/casaf.com.co\/wp-content\/uploads\/2026\/05\/3-scaled.jpg\" class=\"attachment-full size-full\" alt=\"Interior de restaurante moderno con barra de madera, vitrinas de exhibici\u00f3n y pantallas de men\u00fa digital\" aria-describedby=\"gallery-1-2177\" srcset=\"https:\/\/casaf.com.co\/wp-content\/uploads\/2026\/05\/3-scaled.jpg 2560w, https:\/\/casaf.com.co\/wp-content\/uploads\/2026\/05\/3-300x300.jpg 300w, https:\/\/casaf.com.co\/wp-content\/uploads\/2026\/05\/3-1024x1024.jpg 1024w, https:\/\/casaf.com.co\/wp-content\/uploads\/2026\/05\/3-150x150.jpg 150w, https:\/\/casaf.com.co\/wp-content\/uploads\/2026\/05\/3-768x768.jpg 768w, https:\/\/casaf.com.co\/wp-content\/uploads\/2026\/05\/3-1536x1536.jpg 1536w, https:\/\/casaf.com.co\/wp-content\/uploads\/2026\/05\/3-2048x2048.jpg 2048w, https:\/\/casaf.com.co\/wp-content\/uploads\/2026\/05\/3-1320x1320.jpg 1320w, https:\/\/casaf.com.co\/wp-content\/uploads\/2026\/05\/3-600x600.jpg 600w, https:\/\/casaf.com.co\/wp-content\/uploads\/2026\/05\/3-100x100.jpg 100w\" sizes=\"(max-width: 2560px) 100vw, 2560px\" \/><\/a>\n\t\t\t<\/div>\n\t\t\t\t<figcaption class='wp-caption-text gallery-caption' id='gallery-1-2177'>\n\t\t\t\tEspacio gastron\u00f3mico con iluminaci\u00f3n ambiental y acabados en madera y metal\n\t\t\t\t<\/figcaption><\/figure><figure class='gallery-item'>\n\t\t\t<div class='gallery-icon landscape'>\n\t\t\t\t<a data-elementor-open-lightbox=\"yes\" data-elementor-lightbox-slideshow=\"9ed1e94\" data-elementor-lightbox-title=\"Sala minimalista con vista panor\u00e1mica\" data-elementor-lightbox-description=\"Espacio interior de estilo n\u00f3rdico-minimalista con banco de madera, sill\u00f3n de cuero, estanter\u00eda flotante y gran ventanal que enmarca una vista natural con monta\u00f1as y lago. Paleta de colores tierra y neutros.\" data-e-action-hash=\"#elementor-action%3Aaction%3Dlightbox%26settings%3DeyJpZCI6MjE3OSwidXJsIjoiaHR0cHM6XC9cL2Nhc2FmLmNvbS5jb1wvd3AtY29udGVudFwvdXBsb2Fkc1wvMjAyNlwvMDVcLzQtc2NhbGVkLmpwZyIsInNsaWRlc2hvdyI6IjllZDFlOTQifQ%3D%3D\" href='https:\/\/casaf.com.co\/wp-content\/uploads\/2026\/05\/4-scaled.jpg'><img loading=\"lazy\" decoding=\"async\" width=\"2560\" height=\"2560\" src=\"https:\/\/casaf.com.co\/wp-content\/uploads\/2026\/05\/4-scaled.jpg\" class=\"attachment-full size-full\" alt=\"Sala de estar minimalista con muebles de madera, sill\u00f3n de cuero gris y ventanal con vista a la monta\u00f1a\" aria-describedby=\"gallery-1-2179\" srcset=\"https:\/\/casaf.com.co\/wp-content\/uploads\/2026\/05\/4-scaled.jpg 2560w, https:\/\/casaf.com.co\/wp-content\/uploads\/2026\/05\/4-300x300.jpg 300w, https:\/\/casaf.com.co\/wp-content\/uploads\/2026\/05\/4-1024x1024.jpg 1024w, https:\/\/casaf.com.co\/wp-content\/uploads\/2026\/05\/4-150x150.jpg 150w, https:\/\/casaf.com.co\/wp-content\/uploads\/2026\/05\/4-768x768.jpg 768w, https:\/\/casaf.com.co\/wp-content\/uploads\/2026\/05\/4-1536x1536.jpg 1536w, https:\/\/casaf.com.co\/wp-content\/uploads\/2026\/05\/4-2048x2048.jpg 2048w, https:\/\/casaf.com.co\/wp-content\/uploads\/2026\/05\/4-1320x1320.jpg 1320w, https:\/\/casaf.com.co\/wp-content\/uploads\/2026\/05\/4-600x600.jpg 600w, https:\/\/casaf.com.co\/wp-content\/uploads\/2026\/05\/4-100x100.jpg 100w\" sizes=\"(max-width: 2560px) 100vw, 2560px\" \/><\/a>\n\t\t\t<\/div>\n\t\t\t\t<figcaption class='wp-caption-text gallery-caption' id='gallery-1-2179'>\n\t\t\t\tDise\u00f1o c\u00e1lido en madera natural con vista al paisaje exterior\n\t\t\t\t<\/figcaption><\/figure>\n\t\t<\/div>\n\t\t<\/div>\n\t\t\t\t\t\t<\/div>\n\t\t\t\t<\/div>\n\t\t\t\t<div class=\"elementor-element elementor-element-652202b3 elementor-widget-divider--view-line elementor-widget elementor-widget-divider\" data-id=\"652202b3\" data-element_type=\"widget\" data-widget_type=\"divider.default\">\n\t\t\t\t<div class=\"elementor-widget-container\">\n\t\t\t\t\t\t\t<div class=\"elementor-divider\">\n\t\t\t<span class=\"elementor-divider-separator\">\n\t\t\t\t\t\t<\/span>\n\t\t<\/div>\n\t\t\t\t\t\t<\/div>\n\t\t\t\t<\/div>\n\t\t\t\t<div class=\"elementor-element elementor-element-75c6e16 elementor-widget elementor-widget-heading\" data-id=\"75c6e16\" data-element_type=\"widget\" data-widget_type=\"heading.default\">\n\t\t\t\t<div class=\"elementor-widget-container\">\n\t\t\t\t\t<h3 class=\"elementor-heading-title elementor-size-default\">Unimos dise\u00f1o, ingenier\u00eda y funcionalidad en\nuna sola visi\u00f3n Desde un mueble hasta una obra completa, cada\ndetalle tiene un prop\u00f3sito: mejorar tu forma de vivir.<\/h3>\t\t\t\t<\/div>\n\t\t\t\t<\/div>\n\t\t\t\t<section class=\"elementor-section elementor-inner-section elementor-element elementor-element-64bad8ef elementor-section-content-top elementor-section-boxed elementor-section-height-default elementor-section-height-default\" data-id=\"64bad8ef\" data-element_type=\"section\">\n\t\t\t\t\t\t<div class=\"elementor-container elementor-column-gap-no\">\n\t\t\t\t\t<div class=\"elementor-column elementor-col-33 elementor-inner-column elementor-element elementor-element-19915fea\" data-id=\"19915fea\" data-element_type=\"column\">\n\t\t\t<div class=\"elementor-widget-wrap elementor-element-populated\">\n\t\t\t\t\t\t<div class=\"elementor-element elementor-element-576562dc elementor-widget elementor-widget-heading\" data-id=\"576562dc\" data-element_type=\"widget\" data-widget_type=\"heading.default\">\n\t\t\t\t<div class=\"elementor-widget-container\">\n\t\t\t\t\t<h4 class=\"elementor-heading-title elementor-size-default\">Espacios que inspiran<\/h4>\t\t\t\t<\/div>\n\t\t\t\t<\/div>\n\t\t\t\t<div class=\"elementor-element elementor-element-1b42c948 elementor-widget elementor-widget-text-editor\" data-id=\"1b42c948\" data-element_type=\"widget\" data-widget_type=\"text-editor.default\">\n\t\t\t\t<div class=\"elementor-widget-container\">\n\t\t\t\t\t\t\t\t\t<p>En Casaf Home trabajamos constantemente en la mejora de nuestros productos y servicios, combinando la creatividad de nuestro equipo con las \u00faltimas tendencias en construcci\u00f3n, dise\u00f1o de interiores y tecnolog\u00eda del hogar. Cada proyecto es una oportunidad para ofrecer soluciones integrales, modernas y personalizadas que transforman espacios y mejoran la calidad de vida de nuestros clientes.<\/p>\t\t\t\t\t\t\t\t<\/div>\n\t\t\t\t<\/div>\n\t\t\t\t\t<\/div>\n\t\t<\/div>\n\t\t\t\t<div class=\"elementor-column elementor-col-33 elementor-inner-column elementor-element elementor-element-1b7618ac\" data-id=\"1b7618ac\" data-element_type=\"column\">\n\t\t\t<div class=\"elementor-widget-wrap elementor-element-populated\">\n\t\t\t\t\t\t<div class=\"elementor-element elementor-element-77e8f18a elementor-widget elementor-widget-heading\" data-id=\"77e8f18a\" data-element_type=\"widget\" data-widget_type=\"heading.default\">\n\t\t\t\t<div class=\"elementor-widget-container\">\n\t\t\t\t\t<h4 class=\"elementor-heading-title elementor-size-default\">Cada proyecto, una historia \u00fanica<\/h4>\t\t\t\t<\/div>\n\t\t\t\t<\/div>\n\t\t\t\t<div class=\"elementor-element elementor-element-77bd1f07 elementor-widget elementor-widget-text-editor\" data-id=\"77bd1f07\" data-element_type=\"widget\" data-widget_type=\"text-editor.default\">\n\t\t\t\t<div class=\"elementor-widget-container\">\n\t\t\t\t\t\t\t\t\t<p>Nuestros proyectos, productos y acabados hablan por s\u00ed mismos. En Casaf Home brindamos soluciones duraderas en cada una de nuestras l\u00edneas de servicio: desde suministros y mobiliario hasta instalaciones, obras civiles y sistemas de seguridad dom\u00f3tica, garantizando siempre los m\u00e1s altos est\u00e1ndares de calidad en cada detalle.<\/p>\t\t\t\t\t\t\t\t<\/div>\n\t\t\t\t<\/div>\n\t\t\t\t\t<\/div>\n\t\t<\/div>\n\t\t\t\t<div class=\"elementor-column elementor-col-33 elementor-inner-column elementor-element elementor-element-6b78afac\" data-id=\"6b78afac\" data-element_type=\"column\">\n\t\t\t<div class=\"elementor-widget-wrap elementor-element-populated\">\n\t\t\t\t\t\t<div class=\"elementor-element elementor-element-86891f2 elementor-widget elementor-widget-heading\" data-id=\"86891f2\" data-element_type=\"widget\" data-widget_type=\"heading.default\">\n\t\t\t\t<div class=\"elementor-widget-container\">\n\t\t\t\t\t<h3 class=\"elementor-heading-title elementor-size-default\">Somos el equipo en el que puedes confiar para transformar tu hogar y tus proyectos en una realidad perfecta, desde la planeaci\u00f3n hasta el \u00faltimo detalle.<\/h3>\t\t\t\t<\/div>\n\t\t\t\t<\/div>\n\t\t\t\t\t<\/div>\n\t\t<\/div>\n\t\t\t\t\t<\/div>\n\t\t<\/section>\n\t\t\t\t\t<\/div>\n\t\t<\/div>\n\t\t\t\t\t<\/div>\n\t\t<\/section>\n\t\t\t\t<section class=\"elementor-section elementor-top-section elementor-element elementor-element-187f1669 elementor-section-boxed elementor-section-height-default elementor-section-height-default\" data-id=\"187f1669\" data-element_type=\"section\" data-settings=\"{&quot;background_background&quot;:&quot;classic&quot;}\">\n\t\t\t\t\t\t<div class=\"elementor-container elementor-column-gap-default\">\n\t\t\t\t\t<div class=\"elementor-column elementor-col-25 elementor-top-column elementor-element elementor-element-1cee7c30\" data-id=\"1cee7c30\" data-element_type=\"column\">\n\t\t\t<div class=\"elementor-widget-wrap\">\n\t\t\t\t\t\t\t<\/div>\n\t\t<\/div>\n\t\t\t\t<div class=\"elementor-column elementor-col-25 elementor-top-column elementor-element elementor-element-38533178\" data-id=\"38533178\" data-element_type=\"column\">\n\t\t\t<div class=\"elementor-widget-wrap elementor-element-populated\">\n\t\t\t\t\t\t<div class=\"elementor-element elementor-element-6b858d7 elementor-widget elementor-widget-heading\" data-id=\"6b858d7\" data-element_type=\"widget\" data-widget_type=\"heading.default\">\n\t\t\t\t<div class=\"elementor-widget-container\">\n\t\t\t\t\t<h3 class=\"elementor-heading-title elementor-size-default\">\u00bfTu espacio ya no refleja qui\u00e9n eres o lo que necesitas?<br>\u00a1Te acompa\u00f1amos en cada paso!<\/h3>\t\t\t\t<\/div>\n\t\t\t\t<\/div>\n\t\t\t\t\t<\/div>\n\t\t<\/div>\n\t\t\t\t<div class=\"elementor-column elementor-col-25 elementor-top-column elementor-element elementor-element-20c4516d\" data-id=\"20c4516d\" data-element_type=\"column\">\n\t\t\t<div class=\"elementor-widget-wrap elementor-element-populated\">\n\t\t\t\t\t\t<div class=\"elementor-element elementor-element-4e0ea1e7 elementor-align-center elementor-widget elementor-widget-button\" data-id=\"4e0ea1e7\" data-element_type=\"widget\" data-widget_type=\"button.default\">\n\t\t\t\t<div class=\"elementor-widget-container\">\n\t\t\t\t\t\t\t\t\t<div class=\"elementor-button-wrapper\">\n\t\t\t\t\t<a class=\"elementor-button elementor-button-link elementor-size-sm elementor-animation-grow\" href=\"https:\/\/casaf.com.co\/index.php\/contact\/\">\n\t\t\t\t\t\t<span class=\"elementor-button-content-wrapper\">\n\t\t\t\t\t\t\t\t\t<span class=\"elementor-button-text\">Cont\u00e1ctanos<\/span>\n\t\t\t\t\t<\/span>\n\t\t\t\t\t<\/a>\n\t\t\t\t<\/div>\n\t\t\t\t\t\t\t\t<\/div>\n\t\t\t\t<\/div>\n\t\t\t\t\t<\/div>\n\t\t<\/div>\n\t\t\t\t<div class=\"elementor-column elementor-col-25 elementor-top-column elementor-element elementor-element-3d1a34c\" data-id=\"3d1a34c\" data-element_type=\"column\">\n\t\t\t<div class=\"elementor-widget-wrap\">\n\t\t\t\t\t\t\t<\/div>\n\t\t<\/div>\n\t\t\t\t\t<\/div>\n\t\t<\/section>\n\t\t\t\t<\/div>\n\t\t","protected":false},"excerpt":{"rendered":"<p>Somos Casaf Especialistas en espacios que inspiran. En Casaf Company S.A.S. no solo dise\u00f1amos espacios\u2026 dise\u00f1amos c\u00f3mo se vive dentro de ellos. Nacimos con una idea simple pero poderosa: los lugares donde pasas tu vida deber\u00edan inspirarte, impulsarte y hacerte sentir en casa, sin importar si est\u00e1s descansando, trabajando o construyendo algo grande. Dise\u00f1o de &hellip;<\/p>\n<p class=\"read-more\"> <a class=\"\" href=\"https:\/\/casaf.com.co\/index.php\/about\/\"> <span class=\"screen-reader-text\">About<\/span> Leer m\u00e1s &raquo;<\/a><\/p>\n","protected":false},"author":1,"featured_media":0,"parent":0,"menu_order":0,"comment_status":"closed","ping_status":"closed","template":"","meta":{"om_disable_all_campaigns":false,"_monsterinsights_skip_tracking":false,"_monsterinsights_sitenote_active":false,"_monsterinsights_sitenote_note":"","_monsterinsights_sitenote_category":0,"site-sidebar-layout":"no-sidebar","site-content-layout":"page-builder","ast-main-header-display":"","ast-hfb-above-header-display":"","ast-hfb-below-header-display":"","ast-hfb-mobile-header-display":"","site-post-title":"disabled","ast-breadcrumbs-content":"","ast-featured-img":"disabled","footer-sml-layout":"","theme-transparent-header-meta":"enabled","adv-header-id-meta":"","stick-header-meta":"","header-above-stick-meta":"","header-main-stick-meta":"","header-below-stick-meta":"","footnotes":""},"class_list":["post-525","page","type-page","status-publish","hentry"],"aioseo_notices":[],"jetpack_sharing_enabled":true,"_links":{"self":[{"href":"https:\/\/casaf.com.co\/index.php\/wp-json\/wp\/v2\/pages\/525","targetHints":{"allow":["GET"]}}],"collection":[{"href":"https:\/\/casaf.com.co\/index.php\/wp-json\/wp\/v2\/pages"}],"about":[{"href":"https:\/\/casaf.com.co\/index.php\/wp-json\/wp\/v2\/types\/page"}],"author":[{"embeddable":true,"href":"https:\/\/casaf.com.co\/index.php\/wp-json\/wp\/v2\/users\/1"}],"replies":[{"embeddable":true,"href":"https:\/\/casaf.com.co\/index.php\/wp-json\/wp\/v2\/comments?post=525"}],"version-history":[{"count":90,"href":"https:\/\/casaf.com.co\/index.php\/wp-json\/wp\/v2\/pages\/525\/revisions"}],"predecessor-version":[{"id":2301,"href":"https:\/\/casaf.com.co\/index.php\/wp-json\/wp\/v2\/pages\/525\/revisions\/2301"}],"wp:attachment":[{"href":"https:\/\/casaf.com.co\/index.php\/wp-json\/wp\/v2\/media?parent=525"}],"curies":[{"name":"wp","href":"https:\/\/api.w.org\/{rel}","templated":true}]}}